{"id":180,"date":"2024-05-30T16:07:20","date_gmt":"2024-05-30T14:07:20","guid":{"rendered":"https:\/\/www.siteclient.fr\/dolma\/?page_id=180"},"modified":"2024-08-18T12:23:43","modified_gmt":"2024-08-18T10:23:43","slug":"dessin","status":"publish","type":"page","link":"https:\/\/www.siteclient.fr\/dolma\/index.php\/dessin\/","title":{"rendered":"Dessin"},"content":{"rendered":"\t\t<div data-elementor-type=\"wp-page\" data-elementor-id=\"180\" class=\"elementor elementor-180\">\n\t\t\t\t<div class=\"elementor-element elementor-element-f65d897 e-con-full e-flex wpr-particle-no wpr-jarallax-no wpr-parallax-no wpr-sticky-section-no e-con e-parent\" data-id=\"f65d897\" data-element_type=\"container\">\n\t\t<div class=\"elementor-element elementor-element-bbab735 e-con-full e-flex wpr-particle-no wpr-jarallax-no wpr-parallax-no wpr-sticky-section-no e-con e-child\" data-id=\"bbab735\" data-element_type=\"container\" data-settings=\"{&quot;background_background&quot;:&quot;classic&quot;}\">\n\t\t\t\t<div class=\"elementor-element elementor-element-1ed740b elementor-widget elementor-widget-shortcode\" data-id=\"1ed740b\" data-element_type=\"widget\" data-widget_type=\"shortcode.default\">\n\t\t\t\t<div class=\"elementor-widget-container\">\n\t\t\t\t\t<div class=\"elementor-shortcode\">\t&#x1D11E;\n<span><span><a href=\"https:\/\/www.siteclient.fr\/dolma\/\">Accueil<\/a><\/span><\/span><\/div>\n\t\t\t\t<\/div>\n\t\t\t\t<\/div>\n\t\t\t\t<\/div>\n\t\t\t\t<\/div>\n\t\t<div class=\"elementor-element elementor-element-4c2e691 e-con-full e-flex wpr-particle-no wpr-jarallax-no wpr-parallax-no wpr-sticky-section-no e-con e-parent\" data-id=\"4c2e691\" data-element_type=\"container\" data-settings=\"{&quot;background_background&quot;:&quot;classic&quot;,&quot;shape_divider_top&quot;:&quot;clouds&quot;}\">\n\t\t\t\t<div class=\"elementor-shape elementor-shape-top\" data-negative=\"false\">\n\t\t\t<svg xmlns=\"http:\/\/www.w3.org\/2000\/svg\" viewBox=\"0 0 283.5 27.8\" preserveAspectRatio=\"xMidYMax slice\">\n  <path class=\"elementor-shape-fill\" d=\"M0 0v6.7c1.9-.8 4.7-1.4 8.5-1 9.5 1.1 11.1 6 11.1 6s2.1-.7 4.3-.2c2.1.5 2.8 2.6 2.8 2.6s.2-.5 1.4-.7c1.2-.2 1.7.2 1.7.2s0-2.1 1.9-2.8c1.9-.7 3.6.7 3.6.7s.7-2.9 3.1-4.1 4.7 0 4.7 0 1.2-.5 2.4 0 1.7 1.4 1.7 1.4h1.4c.7 0 1.2.7 1.2.7s.8-1.8 4-2.2c3.5-.4 5.3 2.4 6.2 4.4.4-.4 1-.7 1.8-.9 2.8-.7 4 .7 4 .7s1.7-5 11.1-6c9.5-1.1 12.3 3.9 12.3 3.9s1.2-4.8 5.7-5.7c4.5-.9 6.8 1.8 6.8 1.8s.6-.6 1.5-.9c.9-.2 1.9-.2 1.9-.2s5.2-6.4 12.6-3.3c7.3 3.1 4.7 9 4.7 9s1.9-.9 4 0 2.8 2.4 2.8 2.4 1.9-1.2 4.5-1.2 4.3 1.2 4.3 1.2.2-1 1.4-1.7 2.1-.7 2.1-.7-.5-3.1 2.1-5.5 5.7-1.4 5.7-1.4 1.5-2.3 4.2-1.1c2.7 1.2 1.7 5.2 1.7 5.2s.3-.1 1.3.5c.5.4.8.8.9 1.1.5-1.4 2.4-5.8 8.4-4 7.1 2.1 3.5 8.9 3.5 8.9s.8-.4 2 0 1.1 1.1 1.1 1.1 1.1-1.1 2.3-1.1 2.1.5 2.1.5 1.9-3.6 6.2-1.2 1.9 6.4 1.9 6.4 2.6-2.4 7.4 0c3.4 1.7 3.9 4.9 3.9 4.9s3.3-6.9 10.4-7.9 11.5 2.6 11.5 2.6.8 0 1.2.2c.4.2.9.9.9.9s4.4-3.1 8.3.2c1.9 1.7 1.5 5 1.5 5s.3-1.1 1.6-1.4c1.3-.3 2.3.2 2.3.2s-.1-1.2.5-1.9 1.9-.9 1.9-.9-4.7-9.3 4.4-13.4c5.6-2.5 9.2.9 9.2.9s5-6.2 15.9-6.2 16.1 8.1 16.1 8.1.7-.2 1.6-.4V0H0z\"\/>\n<\/svg>\n\t\t<\/div>\n\t\t\t\t<div class=\"elementor-element elementor-element-77b8833 elementor-widget elementor-widget-text-editor\" data-id=\"77b8833\" data-element_type=\"widget\" data-widget_type=\"text-editor.default\">\n\t\t\t\t<div class=\"elementor-widget-container\">\n\t\t\t<style>\/*! elementor - v3.23.0 - 05-08-2024 *\/\n.elementor-widget-text-editor.elementor-drop-cap-view-stacked .elementor-drop-cap{background-color:#69727d;color:#fff}.elementor-widget-text-editor.elementor-drop-cap-view-framed .elementor-drop-cap{color:#69727d;border:3px solid;background-color:transparent}.elementor-widget-text-editor:not(.elementor-drop-cap-view-default) .elementor-drop-cap{margin-top:8px}.elementor-widget-text-editor:not(.elementor-drop-cap-view-default) .elementor-drop-cap-letter{width:1em;height:1em}.elementor-widget-text-editor .elementor-drop-cap{float:left;text-align:center;line-height:1;font-size:50px}.elementor-widget-text-editor .elementor-drop-cap-letter{display:inline-block}<\/style>\t\t\t\t<p>\u00cates-vous pr\u00eat \u00e0 explorer votre cr\u00e9ativit\u00e9 et \u00e0 plonger dans l&#8217;univers fascinant des arts plastiques ? Au P\u00f4le de Musiques et arts de Firminy, nous croyons que chaque personne, quel que soit son niveau, a le potentiel d&#8217;exprimer sa vision artistique unique. Que vous soyez d\u00e9butant curieux ou artiste en herbe, notre \u00e9quipe passionn\u00e9e est l\u00e0 pour vous accompagner tout au long de votre parcours.<\/p>\n<p><strong>Nos Cours :<\/strong><\/p>\n<p>Nous proposons une vari\u00e9t\u00e9 de cours adapt\u00e9s \u00e0 tous les \u00e2ges et niveaux. Que vous souhaitiez vous initier \u00e0 la peinture, \u00e0 la sculpture, au dessin ou aux techniques mixtes, vous trouverez un espace chaleureux et encourageant pour vous d\u00e9velopper. Nos ateliers sont con\u00e7us pour favoriser l&#8217;exp\u00e9rimentation et la d\u00e9couverte, avec des enseignants qualifi\u00e9s qui partagent leur expertise et leur passion.<\/p>\n<p><strong>Pourquoi Choisir Notre \u00c9cole ?<\/strong><\/p>\n<ul>\n<li><strong>Ambiance Conviviale :<\/strong>&nbsp;Nous cultivons un environnement amical et inclusif o\u00f9 chacun peut se sentir \u00e0 l&#8217;aise pour s&#8217;exprimer et apprendre.<\/li>\n<li><strong>\u00c9v\u00e9nements et Expositions :<\/strong>&nbsp;Participez \u00e0 nos \u00e9v\u00e9nements cr\u00e9atifs et montrez vos \u0153uvres lors d&#8217;expositions organis\u00e9es tout au long de l&#8217;ann\u00e9e.<\/li>\n<li><strong>Communaut\u00e9 Artistique :<\/strong>&nbsp;Rejoignez une communaut\u00e9 dynamique d&#8217;artistes et de passionn\u00e9s d&#8217;art, partagez vos id\u00e9es et inspirez-vous mutuellement.<\/li>\n<\/ul>\n<p><br><\/p>\n<p>Pr\u00eat \u00e0 donner vie \u00e0 votre imagination ? Explorez notre site pour d\u00e9couvrir nos cours, \u00e9v\u00e9nements et modalit\u00e9s d&#8217;inscription. Nous avons h\u00e2te de vous accueillir et de vous voir lib\u00e9rer votre potentiel artistique !<\/p>\n<p>Pour toute question ou demande d&#8217;informations suppl\u00e9mentaires, n&#8217;h\u00e9sitez pas \u00e0 nous contacter. \u00c0 bient\u00f4t \u00e0 l&#8217;\u00c9cole d&#8217;Arts Plastiques [Nom de votre \u00c9cole] !<\/p>\t\t\t\t\t\t<\/div>\n\t\t\t\t<\/div>\n\t\t\t\t<\/div>\n\t\t<div class=\"elementor-element elementor-element-ea31555 e-flex e-con-boxed wpr-particle-no wpr-jarallax-no wpr-parallax-no wpr-sticky-section-no e-con e-parent\" data-id=\"ea31555\" data-element_type=\"container\">\n\t\t\t\t\t<div class=\"e-con-inner\">\n\t\t<div class=\"elementor-element elementor-element-f140fa3 e-con-full e-flex wpr-particle-no wpr-jarallax-no wpr-parallax-no wpr-sticky-section-no e-con e-child\" data-id=\"f140fa3\" data-element_type=\"container\">\n\t\t\t\t<div class=\"elementor-element elementor-element-93be15a elementor-widget elementor-widget-button\" data-id=\"93be15a\" data-element_type=\"widget\" data-widget_type=\"button.default\">\n\t\t\t\t<div class=\"elementor-widget-container\">\n\t\t\t\t\t<div class=\"elementor-button-wrapper\">\n\t\t\t<a class=\"elementor-button elementor-button-link elementor-size-sm\" href=\"https:\/\/www.siteclient.fr\/dolma\/index.php\/inscription\/\">\n\t\t\t\t\t\t<span class=\"elementor-button-content-wrapper\">\n\t\t\t\t\t\t\t\t\t<span class=\"elementor-button-text\">S'inscrire&#x1F304&#x1F308<\/span>\n\t\t\t\t\t<\/span>\n\t\t\t\t\t<\/a>\n\t\t<\/div>\n\t\t\t\t<\/div>\n\t\t\t\t<\/div>\n\t\t\t\t<\/div>\n\t\t\t\t\t<\/div>\n\t\t\t\t<\/div>\n\t\t<div class=\"elementor-element elementor-element-a6e3b3d e-grid e-con-boxed wpr-particle-no wpr-jarallax-no wpr-parallax-no wpr-sticky-section-no e-con e-parent\" data-id=\"a6e3b3d\" data-element_type=\"container\">\n\t\t\t\t\t<div class=\"e-con-inner\">\n\t\t\t\t<div class=\"elementor-element elementor-element-4659130 elementor-widget elementor-widget-image\" data-id=\"4659130\" data-element_type=\"widget\" data-widget_type=\"image.default\">\n\t\t\t\t<div class=\"elementor-widget-container\">\n\t\t\t<style>\/*! elementor - v3.23.0 - 05-08-2024 *\/\n.elementor-widget-image{text-align:center}.elementor-widget-image a{display:inline-block}.elementor-widget-image a img[src$=\".svg\"]{width:48px}.elementor-widget-image img{vertical-align:middle;display:inline-block}<\/style>\t\t\t\t\t\t\t<figure class=\"wp-caption\">\n\t\t\t\t\t\t\t\t\t\t<img fetchpriority=\"high\" decoding=\"async\" width=\"640\" height=\"427\" src=\"https:\/\/www.siteclient.fr\/dolma\/wp-content\/uploads\/2024\/05\/crayons.jpg\" class=\"attachment-medium_large size-medium_large wp-image-123\" alt=\"\" srcset=\"https:\/\/www.siteclient.fr\/dolma\/wp-content\/uploads\/2024\/05\/crayons.jpg 640w, https:\/\/www.siteclient.fr\/dolma\/wp-content\/uploads\/2024\/05\/crayons-300x200.jpg 300w\" sizes=\"(max-width: 640px) 100vw, 640px\" \/>\t\t\t\t\t\t\t\t\t\t\t<figcaption class=\"widget-image-caption wp-caption-text\">dessin au crayons de couleur<\/figcaption>\n\t\t\t\t\t\t\t\t\t\t<\/figure>\n\t\t\t\t\t\t\t<\/div>\n\t\t\t\t<\/div>\n\t\t\t\t<div class=\"elementor-element elementor-element-14d1c9c elementor-widget elementor-widget-image\" data-id=\"14d1c9c\" data-element_type=\"widget\" data-widget_type=\"image.default\">\n\t\t\t\t<div class=\"elementor-widget-container\">\n\t\t\t\t\t\t\t\t\t\t<figure class=\"wp-caption\">\n\t\t\t\t\t\t\t\t\t\t<img decoding=\"async\" width=\"300\" height=\"225\" src=\"https:\/\/www.siteclient.fr\/dolma\/wp-content\/uploads\/2024\/05\/aquarelle-300x225.jpg\" class=\"attachment-medium size-medium wp-image-122\" alt=\"\" srcset=\"https:\/\/www.siteclient.fr\/dolma\/wp-content\/uploads\/2024\/05\/aquarelle-300x225.jpg 300w, https:\/\/www.siteclient.fr\/dolma\/wp-content\/uploads\/2024\/05\/aquarelle.jpg 640w\" sizes=\"(max-width: 300px) 100vw, 300px\" \/>\t\t\t\t\t\t\t\t\t\t\t<figcaption class=\"widget-image-caption wp-caption-text\">aquarelle<\/figcaption>\n\t\t\t\t\t\t\t\t\t\t<\/figure>\n\t\t\t\t\t\t\t<\/div>\n\t\t\t\t<\/div>\n\t\t\t\t<div class=\"elementor-element elementor-element-d864f0c elementor-widget elementor-widget-image\" data-id=\"d864f0c\" data-element_type=\"widget\" data-widget_type=\"image.default\">\n\t\t\t\t<div class=\"elementor-widget-container\">\n\t\t\t\t\t\t\t\t\t\t<figure class=\"wp-caption\">\n\t\t\t\t\t\t\t\t\t\t<img decoding=\"async\" width=\"300\" height=\"300\" src=\"https:\/\/www.siteclient.fr\/dolma\/wp-content\/uploads\/2024\/08\/portrait-au-fusain-300x300.png\" class=\"attachment-medium size-medium wp-image-655\" alt=\"\" srcset=\"https:\/\/www.siteclient.fr\/dolma\/wp-content\/uploads\/2024\/08\/portrait-au-fusain-300x300.png 300w, https:\/\/www.siteclient.fr\/dolma\/wp-content\/uploads\/2024\/08\/portrait-au-fusain-150x150.png 150w, https:\/\/www.siteclient.fr\/dolma\/wp-content\/uploads\/2024\/08\/portrait-au-fusain.png 512w\" sizes=\"(max-width: 300px) 100vw, 300px\" \/>\t\t\t\t\t\t\t\t\t\t\t<figcaption class=\"widget-image-caption wp-caption-text\">portrait au fusain<\/figcaption>\n\t\t\t\t\t\t\t\t\t\t<\/figure>\n\t\t\t\t\t\t\t<\/div>\n\t\t\t\t<\/div>\n\t\t\t\t<div class=\"elementor-element elementor-element-316e12b elementor-widget elementor-widget-image\" data-id=\"316e12b\" data-element_type=\"widget\" data-widget_type=\"image.default\">\n\t\t\t\t<div class=\"elementor-widget-container\">\n\t\t\t\t\t\t\t\t\t\t\t\t\t<img loading=\"lazy\" decoding=\"async\" width=\"526\" height=\"433\" src=\"https:\/\/www.siteclient.fr\/dolma\/wp-content\/uploads\/2024\/08\/peinture-huile-carree.png\" class=\"attachment-large size-large wp-image-875\" alt=\"\" srcset=\"https:\/\/www.siteclient.fr\/dolma\/wp-content\/uploads\/2024\/08\/peinture-huile-carree.png 526w, https:\/\/www.siteclient.fr\/dolma\/wp-content\/uploads\/2024\/08\/peinture-huile-carree-300x247.png 300w\" sizes=\"(max-width: 526px) 100vw, 526px\" \/>\t\t\t\t\t\t\t\t\t\t\t\t\t<\/div>\n\t\t\t\t<\/div>\n\t\t\t\t\t<\/div>\n\t\t\t\t<\/div>\n\t\t\t\t<\/div>\n\t\t","protected":false},"excerpt":{"rendered":"<p>\u00cates-vous pr\u00eat \u00e0 explorer votre cr\u00e9ativit\u00e9 et \u00e0 plonger dans l&#8217;univers fascinant des arts plastiques ? Au P\u00f4le de Musiques et arts de Firminy, nous croyons que chaque personne, quel que soit son niveau, a le potentiel d&#8217;exprimer sa vision artistique unique. Que vous soyez d\u00e9butant curieux ou artiste en herbe, notre \u00e9quipe passionn\u00e9e est l\u00e0 pour vous accompagner tout au long de votre parcours. Nos Cours : Nous proposons une vari\u00e9t\u00e9 de cours adapt\u00e9s \u00e0 tous les \u00e2ges et niveaux. Que vous souhaitiez vous initier \u00e0 la peinture, \u00e0 la sculpture, au dessin ou aux techniques mixtes, vous trouverez un espace chaleureux et encourageant pour vous d\u00e9velopper. Nos ateliers sont con\u00e7us pour favoriser l&#8217;exp\u00e9rimentation et la d\u00e9couverte, avec des enseignants qualifi\u00e9s qui partagent leur expertise et leur passion. Pourquoi Choisir Notre \u00c9cole ? Ambiance Conviviale :&nbsp;Nous cultivons un environnement amical et inclusif o\u00f9 chacun peut se sentir \u00e0 l&#8217;aise pour s&#8217;exprimer et apprendre. \u00c9v\u00e9nements et Expositions :&nbsp;Participez \u00e0 nos \u00e9v\u00e9nements cr\u00e9atifs et montrez vos \u0153uvres lors d&#8217;expositions organis\u00e9es tout au long de l&#8217;ann\u00e9e. Communaut\u00e9 Artistique :&nbsp;Rejoignez une communaut\u00e9 dynamique d&#8217;artistes et de passionn\u00e9s d&#8217;art, partagez vos id\u00e9es et inspirez-vous mutuellement. Pr\u00eat \u00e0 donner vie \u00e0 votre imagination ? Explorez notre site pour d\u00e9couvrir nos cours, \u00e9v\u00e9nements et modalit\u00e9s d&#8217;inscription. Nous avons h\u00e2te de vous accueillir et de vous voir lib\u00e9rer votre potentiel artistique ! Pour toute question ou demande d&#8217;informations suppl\u00e9mentaires, n&#8217;h\u00e9sitez pas \u00e0 nous contacter. \u00c0 bient\u00f4t \u00e0 l&#8217;\u00c9cole d&#8217;Arts Plastiques [Nom de votre \u00c9cole] ! S&#8217;inscrire&#038;#x1F304&#038;#x1F308 dessin au crayons de couleur aquarelle portrait au fusain<\/p>\n","protected":false},"author":1,"featured_media":0,"parent":0,"menu_order":0,"comment_status":"closed","ping_status":"closed","template":"","meta":{"footnotes":""},"class_list":["post-180","page","type-page","status-publish","hentry"],"yoast_head":"<!-- This site is optimized with the Yoast SEO plugin v23.2 - https:\/\/yoast.com\/wordpress\/plugins\/seo\/ -->\n<title>Dessin - P\u00f4le de Musique et des Arts de FIRMINY<\/title>\n<meta name=\"robots\" content=\"index, follow, max-snippet:-1, max-image-preview:large, max-video-preview:-1\" \/>\n<link rel=\"canonical\" href=\"https:\/\/www.siteclient.fr\/dolma\/index.php\/dessin\/\" \/>\n<meta property=\"og:locale\" content=\"fr_FR\" \/>\n<meta property=\"og:type\" content=\"article\" \/>\n<meta property=\"og:title\" content=\"Dessin - P\u00f4le de Musique et des Arts de FIRMINY\" \/>\n<meta property=\"og:description\" content=\"\u00cates-vous pr\u00eat \u00e0 explorer votre cr\u00e9ativit\u00e9 et \u00e0 plonger dans l&#8217;univers fascinant des arts plastiques ? Au P\u00f4le de Musiques et arts de Firminy, nous croyons que chaque personne, quel que soit son niveau, a le potentiel d&#8217;exprimer sa vision artistique unique. Que vous soyez d\u00e9butant curieux ou artiste en herbe, notre \u00e9quipe passionn\u00e9e est l\u00e0 pour vous accompagner tout au long de votre parcours. Nos Cours : Nous proposons une vari\u00e9t\u00e9 de cours adapt\u00e9s \u00e0 tous les \u00e2ges et niveaux. Que vous souhaitiez vous initier \u00e0 la peinture, \u00e0 la sculpture, au dessin ou aux techniques mixtes, vous trouverez un espace chaleureux et encourageant pour vous d\u00e9velopper. Nos ateliers sont con\u00e7us pour favoriser l&#8217;exp\u00e9rimentation et la d\u00e9couverte, avec des enseignants qualifi\u00e9s qui partagent leur expertise et leur passion. Pourquoi Choisir Notre \u00c9cole ? Ambiance Conviviale :&nbsp;Nous cultivons un environnement amical et inclusif o\u00f9 chacun peut se sentir \u00e0 l&#8217;aise pour s&#8217;exprimer et apprendre. \u00c9v\u00e9nements et Expositions :&nbsp;Participez \u00e0 nos \u00e9v\u00e9nements cr\u00e9atifs et montrez vos \u0153uvres lors d&#8217;expositions organis\u00e9es tout au long de l&#8217;ann\u00e9e. Communaut\u00e9 Artistique :&nbsp;Rejoignez une communaut\u00e9 dynamique d&#8217;artistes et de passionn\u00e9s d&#8217;art, partagez vos id\u00e9es et inspirez-vous mutuellement. Pr\u00eat \u00e0 donner vie \u00e0 votre imagination ? Explorez notre site pour d\u00e9couvrir nos cours, \u00e9v\u00e9nements et modalit\u00e9s d&#8217;inscription. Nous avons h\u00e2te de vous accueillir et de vous voir lib\u00e9rer votre potentiel artistique ! Pour toute question ou demande d&#8217;informations suppl\u00e9mentaires, n&#8217;h\u00e9sitez pas \u00e0 nous contacter. \u00c0 bient\u00f4t \u00e0 l&#8217;\u00c9cole d&#8217;Arts Plastiques [Nom de votre \u00c9cole] ! S&#8217;inscrire&#038;#x1F304&#038;#x1F308 dessin au crayons de couleur aquarelle portrait au fusain\" \/>\n<meta property=\"og:url\" content=\"https:\/\/www.siteclient.fr\/dolma\/index.php\/dessin\/\" \/>\n<meta property=\"og:site_name\" content=\"P\u00f4le de Musique et des Arts de FIRMINY\" \/>\n<meta property=\"article:modified_time\" content=\"2024-08-18T10:23:43+00:00\" \/>\n<meta property=\"og:image\" content=\"https:\/\/www.siteclient.fr\/dolma\/wp-content\/uploads\/2024\/05\/crayons.jpg\" \/>\n<meta name=\"twitter:card\" content=\"summary_large_image\" \/>\n<meta name=\"twitter:label1\" content=\"Dur\u00e9e de lecture estim\u00e9e\" \/>\n\t<meta name=\"twitter:data1\" content=\"3 minutes\" \/>\n<script type=\"application\/ld+json\" class=\"yoast-schema-graph\">{\"@context\":\"https:\/\/schema.org\",\"@graph\":[{\"@type\":\"WebPage\",\"@id\":\"https:\/\/www.siteclient.fr\/dolma\/index.php\/dessin\/\",\"url\":\"https:\/\/www.siteclient.fr\/dolma\/index.php\/dessin\/\",\"name\":\"Dessin - P\u00f4le de Musique et des Arts de FIRMINY\",\"isPartOf\":{\"@id\":\"https:\/\/www.siteclient.fr\/dolma\/#website\"},\"primaryImageOfPage\":{\"@id\":\"https:\/\/www.siteclient.fr\/dolma\/index.php\/dessin\/#primaryimage\"},\"image\":{\"@id\":\"https:\/\/www.siteclient.fr\/dolma\/index.php\/dessin\/#primaryimage\"},\"thumbnailUrl\":\"https:\/\/www.siteclient.fr\/dolma\/wp-content\/uploads\/2024\/05\/crayons.jpg\",\"datePublished\":\"2024-05-30T14:07:20+00:00\",\"dateModified\":\"2024-08-18T10:23:43+00:00\",\"breadcrumb\":{\"@id\":\"https:\/\/www.siteclient.fr\/dolma\/index.php\/dessin\/#breadcrumb\"},\"inLanguage\":\"fr-FR\",\"potentialAction\":[{\"@type\":\"ReadAction\",\"target\":[\"https:\/\/www.siteclient.fr\/dolma\/index.php\/dessin\/\"]}]},{\"@type\":\"ImageObject\",\"inLanguage\":\"fr-FR\",\"@id\":\"https:\/\/www.siteclient.fr\/dolma\/index.php\/dessin\/#primaryimage\",\"url\":\"https:\/\/www.siteclient.fr\/dolma\/wp-content\/uploads\/2024\/05\/crayons.jpg\",\"contentUrl\":\"https:\/\/www.siteclient.fr\/dolma\/wp-content\/uploads\/2024\/05\/crayons.jpg\",\"width\":640,\"height\":427},{\"@type\":\"BreadcrumbList\",\"@id\":\"https:\/\/www.siteclient.fr\/dolma\/index.php\/dessin\/#breadcrumb\",\"itemListElement\":[{\"@type\":\"ListItem\",\"position\":1,\"name\":\"Accueil\",\"item\":\"https:\/\/www.siteclient.fr\/dolma\/\"},{\"@type\":\"ListItem\",\"position\":2,\"name\":\"Dessin\"}]},{\"@type\":\"WebSite\",\"@id\":\"https:\/\/www.siteclient.fr\/dolma\/#website\",\"url\":\"https:\/\/www.siteclient.fr\/dolma\/\",\"name\":\"P\u00f4le Musiques et Arts de FIRMINY\",\"description\":\"Bienvenue dans notre \u00e9cole\",\"potentialAction\":[{\"@type\":\"SearchAction\",\"target\":{\"@type\":\"EntryPoint\",\"urlTemplate\":\"https:\/\/www.siteclient.fr\/dolma\/?s={search_term_string}\"},\"query-input\":\"required name=search_term_string\"}],\"inLanguage\":\"fr-FR\"}]}<\/script>\n<!-- \/ Yoast SEO plugin. -->","yoast_head_json":{"title":"Dessin - P\u00f4le de Musique et des Arts de FIRMINY","robots":{"index":"index","follow":"follow","max-snippet":"max-snippet:-1","max-image-preview":"max-image-preview:large","max-video-preview":"max-video-preview:-1"},"canonical":"https:\/\/www.siteclient.fr\/dolma\/index.php\/dessin\/","og_locale":"fr_FR","og_type":"article","og_title":"Dessin - P\u00f4le de Musique et des Arts de FIRMINY","og_description":"\u00cates-vous pr\u00eat \u00e0 explorer votre cr\u00e9ativit\u00e9 et \u00e0 plonger dans l&#8217;univers fascinant des arts plastiques ? Au P\u00f4le de Musiques et arts de Firminy, nous croyons que chaque personne, quel que soit son niveau, a le potentiel d&#8217;exprimer sa vision artistique unique. Que vous soyez d\u00e9butant curieux ou artiste en herbe, notre \u00e9quipe passionn\u00e9e est l\u00e0 pour vous accompagner tout au long de votre parcours. Nos Cours : Nous proposons une vari\u00e9t\u00e9 de cours adapt\u00e9s \u00e0 tous les \u00e2ges et niveaux. Que vous souhaitiez vous initier \u00e0 la peinture, \u00e0 la sculpture, au dessin ou aux techniques mixtes, vous trouverez un espace chaleureux et encourageant pour vous d\u00e9velopper. Nos ateliers sont con\u00e7us pour favoriser l&#8217;exp\u00e9rimentation et la d\u00e9couverte, avec des enseignants qualifi\u00e9s qui partagent leur expertise et leur passion. Pourquoi Choisir Notre \u00c9cole ? Ambiance Conviviale :&nbsp;Nous cultivons un environnement amical et inclusif o\u00f9 chacun peut se sentir \u00e0 l&#8217;aise pour s&#8217;exprimer et apprendre. \u00c9v\u00e9nements et Expositions :&nbsp;Participez \u00e0 nos \u00e9v\u00e9nements cr\u00e9atifs et montrez vos \u0153uvres lors d&#8217;expositions organis\u00e9es tout au long de l&#8217;ann\u00e9e. Communaut\u00e9 Artistique :&nbsp;Rejoignez une communaut\u00e9 dynamique d&#8217;artistes et de passionn\u00e9s d&#8217;art, partagez vos id\u00e9es et inspirez-vous mutuellement. Pr\u00eat \u00e0 donner vie \u00e0 votre imagination ? Explorez notre site pour d\u00e9couvrir nos cours, \u00e9v\u00e9nements et modalit\u00e9s d&#8217;inscription. Nous avons h\u00e2te de vous accueillir et de vous voir lib\u00e9rer votre potentiel artistique ! Pour toute question ou demande d&#8217;informations suppl\u00e9mentaires, n&#8217;h\u00e9sitez pas \u00e0 nous contacter. \u00c0 bient\u00f4t \u00e0 l&#8217;\u00c9cole d&#8217;Arts Plastiques [Nom de votre \u00c9cole] ! S&#8217;inscrire&#038;#x1F304&#038;#x1F308 dessin au crayons de couleur aquarelle portrait au fusain","og_url":"https:\/\/www.siteclient.fr\/dolma\/index.php\/dessin\/","og_site_name":"P\u00f4le de Musique et des Arts de FIRMINY","article_modified_time":"2024-08-18T10:23:43+00:00","og_image":[{"url":"https:\/\/www.siteclient.fr\/dolma\/wp-content\/uploads\/2024\/05\/crayons.jpg"}],"twitter_card":"summary_large_image","twitter_misc":{"Dur\u00e9e de lecture estim\u00e9e":"3 minutes"},"schema":{"@context":"https:\/\/schema.org","@graph":[{"@type":"WebPage","@id":"https:\/\/www.siteclient.fr\/dolma\/index.php\/dessin\/","url":"https:\/\/www.siteclient.fr\/dolma\/index.php\/dessin\/","name":"Dessin - P\u00f4le de Musique et des Arts de FIRMINY","isPartOf":{"@id":"https:\/\/www.siteclient.fr\/dolma\/#website"},"primaryImageOfPage":{"@id":"https:\/\/www.siteclient.fr\/dolma\/index.php\/dessin\/#primaryimage"},"image":{"@id":"https:\/\/www.siteclient.fr\/dolma\/index.php\/dessin\/#primaryimage"},"thumbnailUrl":"https:\/\/www.siteclient.fr\/dolma\/wp-content\/uploads\/2024\/05\/crayons.jpg","datePublished":"2024-05-30T14:07:20+00:00","dateModified":"2024-08-18T10:23:43+00:00","breadcrumb":{"@id":"https:\/\/www.siteclient.fr\/dolma\/index.php\/dessin\/#breadcrumb"},"inLanguage":"fr-FR","potentialAction":[{"@type":"ReadAction","target":["https:\/\/www.siteclient.fr\/dolma\/index.php\/dessin\/"]}]},{"@type":"ImageObject","inLanguage":"fr-FR","@id":"https:\/\/www.siteclient.fr\/dolma\/index.php\/dessin\/#primaryimage","url":"https:\/\/www.siteclient.fr\/dolma\/wp-content\/uploads\/2024\/05\/crayons.jpg","contentUrl":"https:\/\/www.siteclient.fr\/dolma\/wp-content\/uploads\/2024\/05\/crayons.jpg","width":640,"height":427},{"@type":"BreadcrumbList","@id":"https:\/\/www.siteclient.fr\/dolma\/index.php\/dessin\/#breadcrumb","itemListElement":[{"@type":"ListItem","position":1,"name":"Accueil","item":"https:\/\/www.siteclient.fr\/dolma\/"},{"@type":"ListItem","position":2,"name":"Dessin"}]},{"@type":"WebSite","@id":"https:\/\/www.siteclient.fr\/dolma\/#website","url":"https:\/\/www.siteclient.fr\/dolma\/","name":"P\u00f4le Musiques et Arts de FIRMINY","description":"Bienvenue dans notre \u00e9cole","potentialAction":[{"@type":"SearchAction","target":{"@type":"EntryPoint","urlTemplate":"https:\/\/www.siteclient.fr\/dolma\/?s={search_term_string}"},"query-input":"required name=search_term_string"}],"inLanguage":"fr-FR"}]}},"_links":{"self":[{"href":"https:\/\/www.siteclient.fr\/dolma\/index.php\/wp-json\/wp\/v2\/pages\/180","targetHints":{"allow":["GET"]}}],"collection":[{"href":"https:\/\/www.siteclient.fr\/dolma\/index.php\/wp-json\/wp\/v2\/pages"}],"about":[{"href":"https:\/\/www.siteclient.fr\/dolma\/index.php\/wp-json\/wp\/v2\/types\/page"}],"author":[{"embeddable":true,"href":"https:\/\/www.siteclient.fr\/dolma\/index.php\/wp-json\/wp\/v2\/users\/1"}],"replies":[{"embeddable":true,"href":"https:\/\/www.siteclient.fr\/dolma\/index.php\/wp-json\/wp\/v2\/comments?post=180"}],"version-history":[{"count":37,"href":"https:\/\/www.siteclient.fr\/dolma\/index.php\/wp-json\/wp\/v2\/pages\/180\/revisions"}],"predecessor-version":[{"id":878,"href":"https:\/\/www.siteclient.fr\/dolma\/index.php\/wp-json\/wp\/v2\/pages\/180\/revisions\/878"}],"wp:attachment":[{"href":"https:\/\/www.siteclient.fr\/dolma\/index.php\/wp-json\/wp\/v2\/media?parent=180"}],"curies":[{"name":"wp","href":"https:\/\/api.w.org\/{rel}","templated":true}]}}