{"id":16,"date":"2024-05-27T16:11:43","date_gmt":"2024-05-27T14:11:43","guid":{"rendered":"https:\/\/www.siteclient.fr\/dolma\/?page_id=16"},"modified":"2024-08-17T14:36:29","modified_gmt":"2024-08-17T12:36:29","slug":"tarifs","status":"publish","type":"page","link":"https:\/\/www.siteclient.fr\/dolma\/index.php\/tarifs\/","title":{"rendered":"Tarifs 2024-2025"},"content":{"rendered":"\t\t<div data-elementor-type=\"wp-page\" data-elementor-id=\"16\" class=\"elementor elementor-16\">\n\t\t\t\t<div class=\"elementor-element elementor-element-8ba55b8 e-flex e-con-boxed wpr-particle-no wpr-jarallax-no wpr-parallax-no wpr-sticky-section-no e-con e-parent\" data-id=\"8ba55b8\" data-element_type=\"container\">\n\t\t\t\t\t<div class=\"e-con-inner\">\n\t\t<div class=\"elementor-element elementor-element-d0c9fd9 e-con-full e-flex wpr-particle-no wpr-jarallax-no wpr-parallax-no wpr-sticky-section-no e-con e-child\" data-id=\"d0c9fd9\" data-element_type=\"container\" data-settings=\"{&quot;background_background&quot;:&quot;classic&quot;}\">\n\t\t\t\t<div class=\"elementor-element elementor-element-363cf92 elementor-widget elementor-widget-shortcode\" data-id=\"363cf92\" data-element_type=\"widget\" data-widget_type=\"shortcode.default\">\n\t\t\t\t<div class=\"elementor-widget-container\">\n\t\t\t\t\t<div class=\"elementor-shortcode\">\t&#x1D11E;\n<span><span><a href=\"https:\/\/www.siteclient.fr\/dolma\/\">Accueil<\/a><\/span><\/span><\/div>\n\t\t\t\t<\/div>\n\t\t\t\t<\/div>\n\t\t\t\t<\/div>\n\t\t\t\t\t<\/div>\n\t\t\t\t<\/div>\n\t\t<div class=\"elementor-element elementor-element-fdc9821 e-flex e-con-boxed wpr-particle-no wpr-jarallax-no wpr-parallax-no wpr-sticky-section-no e-con e-parent\" data-id=\"fdc9821\" data-element_type=\"container\">\n\t\t\t\t\t<div class=\"e-con-inner\">\n\t\t\t\t<div class=\"elementor-element elementor-element-dcc2948 elementor-align-center elementor-widget elementor-widget-button\" data-id=\"dcc2948\" data-element_type=\"widget\" data-widget_type=\"button.default\">\n\t\t\t\t<div class=\"elementor-widget-container\">\n\t\t\t\t\t<div class=\"elementor-button-wrapper\">\n\t\t\t<a class=\"elementor-button elementor-button-link elementor-size-sm\" href=\"https:\/\/www.siteclient.fr\/dolma\/wp-content\/uploads\/2024\/05\/TARIFS-2023-24.pdf\">\n\t\t\t\t\t\t<span class=\"elementor-button-content-wrapper\">\n\t\t\t\t\t\t\t\t\t<span class=\"elementor-button-text\">T\u00e9l\u00e9charger les tarifs<\/span>\n\t\t\t\t\t<\/span>\n\t\t\t\t\t<\/a>\n\t\t<\/div>\n\t\t\t\t<\/div>\n\t\t\t\t<\/div>\n\t\t\t\t\t<\/div>\n\t\t\t\t<\/div>\n\t\t\t\t<\/div>\n\t\t","protected":false},"excerpt":{"rendered":"<p>T\u00e9l\u00e9charger les tarifs<\/p>\n","protected":false},"author":1,"featured_media":0,"parent":0,"menu_order":0,"comment_status":"closed","ping_status":"closed","template":"","meta":{"footnotes":""},"class_list":["post-16","page","type-page","status-publish","hentry"],"yoast_head":"<!-- This site is optimized with the Yoast SEO plugin v23.2 - https:\/\/yoast.com\/wordpress\/plugins\/seo\/ -->\n<title>Tarifs 2024-2025 - P\u00f4le de Musique et des Arts de FIRMINY<\/title>\n<meta name=\"robots\" content=\"index, follow, max-snippet:-1, max-image-preview:large, max-video-preview:-1\" \/>\n<link rel=\"canonical\" href=\"https:\/\/www.siteclient.fr\/dolma\/index.php\/tarifs\/\" \/>\n<meta property=\"og:locale\" content=\"fr_FR\" \/>\n<meta property=\"og:type\" content=\"article\" \/>\n<meta property=\"og:title\" content=\"Tarifs 2024-2025 - P\u00f4le de Musique et des Arts de FIRMINY\" \/>\n<meta property=\"og:description\" content=\"T\u00e9l\u00e9charger les tarifs\" \/>\n<meta property=\"og:url\" content=\"https:\/\/www.siteclient.fr\/dolma\/index.php\/tarifs\/\" \/>\n<meta property=\"og:site_name\" content=\"P\u00f4le de Musique et des Arts de FIRMINY\" \/>\n<meta property=\"article:modified_time\" content=\"2024-08-17T12:36:29+00:00\" \/>\n<meta name=\"twitter:card\" content=\"summary_large_image\" \/>\n<script type=\"application\/ld+json\" class=\"yoast-schema-graph\">{\"@context\":\"https:\/\/schema.org\",\"@graph\":[{\"@type\":\"WebPage\",\"@id\":\"https:\/\/www.siteclient.fr\/dolma\/index.php\/tarifs\/\",\"url\":\"https:\/\/www.siteclient.fr\/dolma\/index.php\/tarifs\/\",\"name\":\"Tarifs 2024-2025 - P\u00f4le de Musique et des Arts de FIRMINY\",\"isPartOf\":{\"@id\":\"https:\/\/www.siteclient.fr\/dolma\/#website\"},\"datePublished\":\"2024-05-27T14:11:43+00:00\",\"dateModified\":\"2024-08-17T12:36:29+00:00\",\"breadcrumb\":{\"@id\":\"https:\/\/www.siteclient.fr\/dolma\/index.php\/tarifs\/#breadcrumb\"},\"inLanguage\":\"fr-FR\",\"potentialAction\":[{\"@type\":\"ReadAction\",\"target\":[\"https:\/\/www.siteclient.fr\/dolma\/index.php\/tarifs\/\"]}]},{\"@type\":\"BreadcrumbList\",\"@id\":\"https:\/\/www.siteclient.fr\/dolma\/index.php\/tarifs\/#breadcrumb\",\"itemListElement\":[{\"@type\":\"ListItem\",\"position\":1,\"name\":\"Accueil\",\"item\":\"https:\/\/www.siteclient.fr\/dolma\/\"},{\"@type\":\"ListItem\",\"position\":2,\"name\":\"Tarifs 2024-2025\"}]},{\"@type\":\"WebSite\",\"@id\":\"https:\/\/www.siteclient.fr\/dolma\/#website\",\"url\":\"https:\/\/www.siteclient.fr\/dolma\/\",\"name\":\"P\u00f4le Musiques et Arts de FIRMINY\",\"description\":\"Bienvenue dans notre \u00e9cole\",\"potentialAction\":[{\"@type\":\"SearchAction\",\"target\":{\"@type\":\"EntryPoint\",\"urlTemplate\":\"https:\/\/www.siteclient.fr\/dolma\/?s={search_term_string}\"},\"query-input\":\"required name=search_term_string\"}],\"inLanguage\":\"fr-FR\"}]}<\/script>\n<!-- \/ Yoast SEO plugin. -->","yoast_head_json":{"title":"Tarifs 2024-2025 - P\u00f4le de Musique et des Arts de FIRMINY","robots":{"index":"index","follow":"follow","max-snippet":"max-snippet:-1","max-image-preview":"max-image-preview:large","max-video-preview":"max-video-preview:-1"},"canonical":"https:\/\/www.siteclient.fr\/dolma\/index.php\/tarifs\/","og_locale":"fr_FR","og_type":"article","og_title":"Tarifs 2024-2025 - P\u00f4le de Musique et des Arts de FIRMINY","og_description":"T\u00e9l\u00e9charger les tarifs","og_url":"https:\/\/www.siteclient.fr\/dolma\/index.php\/tarifs\/","og_site_name":"P\u00f4le de Musique et des Arts de FIRMINY","article_modified_time":"2024-08-17T12:36:29+00:00","twitter_card":"summary_large_image","schema":{"@context":"https:\/\/schema.org","@graph":[{"@type":"WebPage","@id":"https:\/\/www.siteclient.fr\/dolma\/index.php\/tarifs\/","url":"https:\/\/www.siteclient.fr\/dolma\/index.php\/tarifs\/","name":"Tarifs 2024-2025 - P\u00f4le de Musique et des Arts de FIRMINY","isPartOf":{"@id":"https:\/\/www.siteclient.fr\/dolma\/#website"},"datePublished":"2024-05-27T14:11:43+00:00","dateModified":"2024-08-17T12:36:29+00:00","breadcrumb":{"@id":"https:\/\/www.siteclient.fr\/dolma\/index.php\/tarifs\/#breadcrumb"},"inLanguage":"fr-FR","potentialAction":[{"@type":"ReadAction","target":["https:\/\/www.siteclient.fr\/dolma\/index.php\/tarifs\/"]}]},{"@type":"BreadcrumbList","@id":"https:\/\/www.siteclient.fr\/dolma\/index.php\/tarifs\/#breadcrumb","itemListElement":[{"@type":"ListItem","position":1,"name":"Accueil","item":"https:\/\/www.siteclient.fr\/dolma\/"},{"@type":"ListItem","position":2,"name":"Tarifs 2024-2025"}]},{"@type":"WebSite","@id":"https:\/\/www.siteclient.fr\/dolma\/#website","url":"https:\/\/www.siteclient.fr\/dolma\/","name":"P\u00f4le Musiques et Arts de FIRMINY","description":"Bienvenue dans notre \u00e9cole","potentialAction":[{"@type":"SearchAction","target":{"@type":"EntryPoint","urlTemplate":"https:\/\/www.siteclient.fr\/dolma\/?s={search_term_string}"},"query-input":"required name=search_term_string"}],"inLanguage":"fr-FR"}]}},"_links":{"self":[{"href":"https:\/\/www.siteclient.fr\/dolma\/index.php\/wp-json\/wp\/v2\/pages\/16","targetHints":{"allow":["GET"]}}],"collection":[{"href":"https:\/\/www.siteclient.fr\/dolma\/index.php\/wp-json\/wp\/v2\/pages"}],"about":[{"href":"https:\/\/www.siteclient.fr\/dolma\/index.php\/wp-json\/wp\/v2\/types\/page"}],"author":[{"embeddable":true,"href":"https:\/\/www.siteclient.fr\/dolma\/index.php\/wp-json\/wp\/v2\/users\/1"}],"replies":[{"embeddable":true,"href":"https:\/\/www.siteclient.fr\/dolma\/index.php\/wp-json\/wp\/v2\/comments?post=16"}],"version-history":[{"count":37,"href":"https:\/\/www.siteclient.fr\/dolma\/index.php\/wp-json\/wp\/v2\/pages\/16\/revisions"}],"predecessor-version":[{"id":691,"href":"https:\/\/www.siteclient.fr\/dolma\/index.php\/wp-json\/wp\/v2\/pages\/16\/revisions\/691"}],"wp:attachment":[{"href":"https:\/\/www.siteclient.fr\/dolma\/index.php\/wp-json\/wp\/v2\/media?parent=16"}],"curies":[{"name":"wp","href":"https:\/\/api.w.org\/{rel}","templated":true}]}}