{"id":28,"date":"2023-02-09T23:09:03","date_gmt":"2023-02-09T22:09:03","guid":{"rendered":"https:\/\/www.siteclient.fr\/book2\/?page_id=28"},"modified":"2023-05-09T23:18:56","modified_gmt":"2023-05-09T21:18:56","slug":"nous-contacter","status":"publish","type":"page","link":"https:\/\/www.siteclient.fr\/book2\/?page_id=28","title":{"rendered":"Contactez-nous"},"content":{"rendered":"\t\t<div data-elementor-type=\"wp-page\" data-elementor-id=\"28\" class=\"elementor elementor-28\">\n\t\t\t\t\t\t<section class=\"elementor-section elementor-top-section elementor-element elementor-element-7892dc0 elementor-section-boxed elementor-section-height-default elementor-section-height-default\" data-id=\"7892dc0\" data-element_type=\"section\" data-settings=\"{&quot;background_background&quot;:&quot;classic&quot;}\">\n\t\t\t\t\t\t<div class=\"elementor-container elementor-column-gap-default\">\n\t\t\t\t\t<div class=\"elementor-column elementor-col-50 elementor-top-column elementor-element elementor-element-39c08ce\" data-id=\"39c08ce\" data-element_type=\"column\">\n\t\t\t<div class=\"elementor-widget-wrap elementor-element-populated\">\n\t\t\t\t\t\t<div class=\"elementor-element elementor-element-2a52fec elementor-widget elementor-widget-text-editor\" data-id=\"2a52fec\" data-element_type=\"widget\" data-widget_type=\"text-editor.default\">\n\t\t\t\t<div class=\"elementor-widget-container\">\n\t\t\t<style>\/*! elementor - v3.20.0 - 11-03-2024 *\/\n.elementor-widget-text-editor.elementor-drop-cap-view-stacked .elementor-drop-cap{background-color:#69727d;color:#fff}.elementor-widget-text-editor.elementor-drop-cap-view-framed .elementor-drop-cap{color:#69727d;border:3px solid;background-color:transparent}.elementor-widget-text-editor:not(.elementor-drop-cap-view-default) .elementor-drop-cap{margin-top:8px}.elementor-widget-text-editor:not(.elementor-drop-cap-view-default) .elementor-drop-cap-letter{width:1em;height:1em}.elementor-widget-text-editor .elementor-drop-cap{float:left;text-align:center;line-height:1;font-size:50px}.elementor-widget-text-editor .elementor-drop-cap-letter{display:inline-block}<\/style>\t\t\t\t<p style=\"text-align: left;\"><span style=\"color: #000000;\">Bonjour,<\/span><\/p><p><span style=\"color: #000000;\">Contactez-nous pour toutes vos questions :<\/span><\/p><p style=\"padding-left: 80px; text-align: left;\"><span style=\"color: #000000;\">devis,<\/span><\/p><p style=\"padding-left: 80px; text-align: left;\"><span style=\"color: #000000;\">informations produits,<\/span><\/p><p style=\"padding-left: 80px; text-align: left;\"><span style=\"color: #000000;\">quantit\u00e9s disponibles,<\/span><\/p><p style=\"padding-left: 80px; text-align: left;\"><span style=\"color: #000000;\">d\u00e9lai, etc\u2026<\/span><\/p><p><span style=\"color: #000000;\">Nous vous r\u00e9pondrons au plus t\u00f4t.<\/span><\/p><p><span style=\"color: #000000;\">A bient\u00f4t.<\/span><\/p><p><span style=\"color: #000000;\">\u00a0<\/span><\/p><p><em><span style=\"color: #000000;\">Pensez \u00e0 nous consulter pour la livraison des boissons pour toutes vos f\u00eates.<\/span><\/em><\/p><p><span style=\"color: #000000;\"><img decoding=\"async\" class=\"alignnone  wp-image-2518\" src=\"http:\/\/www.siteclient.fr\/book2\/wp-content\/uploads\/2023\/04\/badel-biere-fb-300x105.jpg\" alt=\"\" width=\"260\" height=\"91\" \/><img decoding=\"async\" class=\"alignnone  wp-image-2541\" src=\"http:\/\/www.siteclient.fr\/book2\/wp-content\/uploads\/2023\/05\/Pensez-a-vos-petites-betes-300x251.jpg\" alt=\"\" width=\"109\" height=\"91\" \/><\/span><\/p><p><em><span style=\"color: #000000;\">\u00a0<\/span><\/em><\/p>\t\t\t\t\t\t<\/div>\n\t\t\t\t<\/div>\n\t\t\t\t\t<\/div>\n\t\t<\/div>\n\t\t\t\t<div class=\"elementor-column elementor-col-50 elementor-top-column elementor-element elementor-element-a309f73\" data-id=\"a309f73\" data-element_type=\"column\">\n\t\t\t<div class=\"elementor-widget-wrap elementor-element-populated\">\n\t\t\t\t\t\t<div class=\"elementor-element elementor-element-bdbc599 elementor-widget elementor-widget-shortcode\" data-id=\"bdbc599\" data-element_type=\"widget\" data-widget_type=\"shortcode.default\">\n\t\t\t\t<div class=\"elementor-widget-container\">\n\t\t\t\t\t<div class=\"elementor-shortcode\">\n<div class=\"wpcf7 no-js\" id=\"wpcf7-f13-o1\" lang=\"fr-FR\" dir=\"ltr\">\n<div class=\"screen-reader-response\"><p role=\"status\" aria-live=\"polite\" aria-atomic=\"true\"><\/p> <ul><\/ul><\/div>\n<form action=\"\/book2\/index.php?rest_route=%2Fwp%2Fv2%2Fpages%2F28#wpcf7-f13-o1\" method=\"post\" class=\"wpcf7-form init\" aria-label=\"Formulaire de contact\" novalidate=\"novalidate\" data-status=\"init\">\n<div style=\"display: none;\">\n<input type=\"hidden\" name=\"_wpcf7\" value=\"13\" \/>\n<input type=\"hidden\" name=\"_wpcf7_version\" value=\"5.9.2\" \/>\n<input type=\"hidden\" name=\"_wpcf7_locale\" value=\"fr_FR\" \/>\n<input type=\"hidden\" name=\"_wpcf7_unit_tag\" value=\"wpcf7-f13-o1\" \/>\n<input type=\"hidden\" name=\"_wpcf7_container_post\" value=\"0\" \/>\n<input type=\"hidden\" name=\"_wpcf7_posted_data_hash\" value=\"\" \/>\n<\/div>\n<p><label class=form1> Votre nom<br \/>\n<span class=\"wpcf7-form-control-wrap\" data-name=\"your-name\"><input size=\"40\" class=\"wpcf7-form-control wpcf7-text wpcf7-validates-as-required\" aria-required=\"true\" aria-invalid=\"false\" value=\"\" type=\"text\" name=\"your-name\" \/><\/span> <\/label>\n<\/p>\n<p><label class=form1> Votre e-mail<br \/>\n<span class=\"wpcf7-form-control-wrap\" data-name=\"your-email\"><input size=\"40\" class=\"wpcf7-form-control wpcf7-email wpcf7-validates-as-required wpcf7-text wpcf7-validates-as-email\" aria-required=\"true\" aria-invalid=\"false\" value=\"\" type=\"email\" name=\"your-email\" \/><\/span> <\/label>\n<\/p>\n<p><label class=form1> Votre t\u00e9l\u00e9phone<br \/>\n<span class=\"wpcf7-form-control-wrap\" data-name=\"tel-603\"><input size=\"40\" class=\"wpcf7-form-control wpcf7-tel wpcf7-text wpcf7-validates-as-tel\" aria-invalid=\"false\" value=\"\" type=\"tel\" name=\"tel-603\" \/><\/span> <\/label>\n<\/p>\n<p><label class=form1> Objet<br \/>\n<span class=\"wpcf7-form-control-wrap\" data-name=\"your-subject\"><input size=\"40\" class=\"wpcf7-form-control wpcf7-text wpcf7-validates-as-required\" aria-required=\"true\" aria-invalid=\"false\" value=\"\" type=\"text\" name=\"your-subject\" \/><\/span> <\/label>\n<\/p>\n<p><label class=form1> Votre message<br \/>\n<span class=\"wpcf7-form-control-wrap\" data-name=\"your-message\"><textarea cols=\"40\" rows=\"10\" class=\"wpcf7-form-control wpcf7-textarea\" aria-invalid=\"false\" name=\"your-message\"><\/textarea><\/span> <\/label>\n<\/p>\n<p><input class=\"wpcf7-form-control wpcf7-submit has-spinner\" type=\"submit\" value=\"Envoyer\" \/>\n<\/p><p style=\"display: none !important;\" class=\"akismet-fields-container\" data-prefix=\"_wpcf7_ak_\"><label>&#916;<textarea name=\"_wpcf7_ak_hp_textarea\" cols=\"45\" rows=\"8\" maxlength=\"100\"><\/textarea><\/label><input type=\"hidden\" id=\"ak_js_1\" name=\"_wpcf7_ak_js\" value=\"157\"\/><script>document.getElementById( \"ak_js_1\" ).setAttribute( \"value\", ( new Date() ).getTime() );<\/script><\/p><div class=\"wpcf7-response-output\" aria-hidden=\"true\"><\/div>\n<\/form>\n<\/div>\n<\/div>\n\t\t\t\t<\/div>\n\t\t\t\t<\/div>\n\t\t\t\t\t<\/div>\n\t\t<\/div>\n\t\t\t\t\t<\/div>\n\t\t<\/section>\n\t\t\t\t<\/div>\n\t\t","protected":false},"excerpt":{"rendered":"<p>Bonjour, Contactez-nous pour toutes vos questions : devis, informations produits, quantit\u00e9s disponibles, d\u00e9lai, etc\u2026 Nous vous r\u00e9pondrons au plus t\u00f4t. A bient\u00f4t. \u00a0 Pensez \u00e0 nous consulter pour la livraison des boissons pour toutes vos f\u00eates. \u00a0<\/p>\n","protected":false},"author":4,"featured_media":0,"parent":0,"menu_order":0,"comment_status":"closed","ping_status":"closed","template":"","meta":{"footnotes":""},"class_list":["post-28","page","type-page","status-publish","hentry"],"yoast_head":"<!-- This site is optimized with the Yoast SEO plugin v22.2 - https:\/\/yoast.com\/wordpress\/plugins\/seo\/ -->\n<title>Contactez-nous - celia<\/title>\n<meta name=\"robots\" content=\"index, follow, max-snippet:-1, max-image-preview:large, max-video-preview:-1\" \/>\n<link rel=\"canonical\" href=\"https:\/\/www.siteclient.fr\/book2\/?page_id=28\" \/>\n<meta property=\"og:locale\" content=\"fr_FR\" \/>\n<meta property=\"og:type\" content=\"article\" \/>\n<meta property=\"og:title\" content=\"Contactez-nous - celia\" \/>\n<meta property=\"og:description\" content=\"Bonjour, Contactez-nous pour toutes vos questions : devis, informations produits, quantit\u00e9s disponibles, d\u00e9lai, etc\u2026 Nous vous r\u00e9pondrons au plus t\u00f4t. A bient\u00f4t. \u00a0 Pensez \u00e0 nous consulter pour la livraison des boissons pour toutes vos f\u00eates. \u00a0\" \/>\n<meta property=\"og:url\" content=\"https:\/\/www.siteclient.fr\/book2\/?page_id=28\" \/>\n<meta property=\"og:site_name\" content=\"celia\" \/>\n<meta property=\"article:modified_time\" content=\"2023-05-09T21:18:56+00:00\" \/>\n<meta property=\"og:image\" content=\"http:\/\/www.siteclient.fr\/book2\/wp-content\/uploads\/2023\/04\/badel-biere-fb-300x105.jpg\" \/>\n<meta name=\"twitter:card\" content=\"summary_large_image\" \/>\n<meta name=\"twitter:label1\" content=\"Dur\u00e9e de lecture estim\u00e9e\" \/>\n\t<meta name=\"twitter:data1\" content=\"1 minute\" \/>\n<script type=\"application\/ld+json\" class=\"yoast-schema-graph\">{\"@context\":\"https:\/\/schema.org\",\"@graph\":[{\"@type\":\"WebPage\",\"@id\":\"https:\/\/www.siteclient.fr\/book2\/?page_id=28\",\"url\":\"https:\/\/www.siteclient.fr\/book2\/?page_id=28\",\"name\":\"Contactez-nous - celia\",\"isPartOf\":{\"@id\":\"http:\/\/www.siteclient.fr\/book2\/#website\"},\"primaryImageOfPage\":{\"@id\":\"https:\/\/www.siteclient.fr\/book2\/?page_id=28#primaryimage\"},\"image\":{\"@id\":\"https:\/\/www.siteclient.fr\/book2\/?page_id=28#primaryimage\"},\"thumbnailUrl\":\"http:\/\/www.siteclient.fr\/book2\/wp-content\/uploads\/2023\/04\/badel-biere-fb-300x105.jpg\",\"datePublished\":\"2023-02-09T22:09:03+00:00\",\"dateModified\":\"2023-05-09T21:18:56+00:00\",\"breadcrumb\":{\"@id\":\"https:\/\/www.siteclient.fr\/book2\/?page_id=28#breadcrumb\"},\"inLanguage\":\"fr-FR\",\"potentialAction\":[{\"@type\":\"ReadAction\",\"target\":[\"https:\/\/www.siteclient.fr\/book2\/?page_id=28\"]}]},{\"@type\":\"ImageObject\",\"inLanguage\":\"fr-FR\",\"@id\":\"https:\/\/www.siteclient.fr\/book2\/?page_id=28#primaryimage\",\"url\":\"http:\/\/www.siteclient.fr\/book2\/wp-content\/uploads\/2023\/04\/badel-biere-fb-300x105.jpg\",\"contentUrl\":\"http:\/\/www.siteclient.fr\/book2\/wp-content\/uploads\/2023\/04\/badel-biere-fb-300x105.jpg\"},{\"@type\":\"BreadcrumbList\",\"@id\":\"https:\/\/www.siteclient.fr\/book2\/?page_id=28#breadcrumb\",\"itemListElement\":[{\"@type\":\"ListItem\",\"position\":1,\"name\":\"Accueil\",\"item\":\"http:\/\/www.siteclient.fr\/book2\/\"},{\"@type\":\"ListItem\",\"position\":2,\"name\":\"Contactez-nous\"}]},{\"@type\":\"WebSite\",\"@id\":\"http:\/\/www.siteclient.fr\/book2\/#website\",\"url\":\"http:\/\/www.siteclient.fr\/book2\/\",\"name\":\"siteclient.fr\/ctoc\",\"description\":\"\",\"publisher\":{\"@id\":\"http:\/\/www.siteclient.fr\/book2\/#organization\"},\"alternateName\":\"cest-ici\",\"potentialAction\":[{\"@type\":\"SearchAction\",\"target\":{\"@type\":\"EntryPoint\",\"urlTemplate\":\"http:\/\/www.siteclient.fr\/book2\/?s={search_term_string}\"},\"query-input\":\"required name=search_term_string\"}],\"inLanguage\":\"fr-FR\"},{\"@type\":\"Organization\",\"@id\":\"http:\/\/www.siteclient.fr\/book2\/#organization\",\"name\":\"WONDEX\",\"url\":\"http:\/\/www.siteclient.fr\/book2\/\",\"logo\":{\"@type\":\"ImageObject\",\"inLanguage\":\"fr-FR\",\"@id\":\"http:\/\/www.siteclient.fr\/book2\/#\/schema\/logo\/image\/\",\"url\":\"https:\/\/www.siteclient.fr\/book2\/wp-content\/uploads\/2024\/03\/cropped-LOGO-CEST-ICI.png\",\"contentUrl\":\"https:\/\/www.siteclient.fr\/book2\/wp-content\/uploads\/2024\/03\/cropped-LOGO-CEST-ICI.png\",\"width\":276,\"height\":80,\"caption\":\"WONDEX\"},\"image\":{\"@id\":\"http:\/\/www.siteclient.fr\/book2\/#\/schema\/logo\/image\/\"}}]}<\/script>\n<!-- \/ Yoast SEO plugin. -->","yoast_head_json":{"title":"Contactez-nous - celia","robots":{"index":"index","follow":"follow","max-snippet":"max-snippet:-1","max-image-preview":"max-image-preview:large","max-video-preview":"max-video-preview:-1"},"canonical":"https:\/\/www.siteclient.fr\/book2\/?page_id=28","og_locale":"fr_FR","og_type":"article","og_title":"Contactez-nous - celia","og_description":"Bonjour, Contactez-nous pour toutes vos questions : devis, informations produits, quantit\u00e9s disponibles, d\u00e9lai, etc\u2026 Nous vous r\u00e9pondrons au plus t\u00f4t. A bient\u00f4t. \u00a0 Pensez \u00e0 nous consulter pour la livraison des boissons pour toutes vos f\u00eates. \u00a0","og_url":"https:\/\/www.siteclient.fr\/book2\/?page_id=28","og_site_name":"celia","article_modified_time":"2023-05-09T21:18:56+00:00","og_image":[{"url":"http:\/\/www.siteclient.fr\/book2\/wp-content\/uploads\/2023\/04\/badel-biere-fb-300x105.jpg"}],"twitter_card":"summary_large_image","twitter_misc":{"Dur\u00e9e de lecture estim\u00e9e":"1 minute"},"schema":{"@context":"https:\/\/schema.org","@graph":[{"@type":"WebPage","@id":"https:\/\/www.siteclient.fr\/book2\/?page_id=28","url":"https:\/\/www.siteclient.fr\/book2\/?page_id=28","name":"Contactez-nous - celia","isPartOf":{"@id":"http:\/\/www.siteclient.fr\/book2\/#website"},"primaryImageOfPage":{"@id":"https:\/\/www.siteclient.fr\/book2\/?page_id=28#primaryimage"},"image":{"@id":"https:\/\/www.siteclient.fr\/book2\/?page_id=28#primaryimage"},"thumbnailUrl":"http:\/\/www.siteclient.fr\/book2\/wp-content\/uploads\/2023\/04\/badel-biere-fb-300x105.jpg","datePublished":"2023-02-09T22:09:03+00:00","dateModified":"2023-05-09T21:18:56+00:00","breadcrumb":{"@id":"https:\/\/www.siteclient.fr\/book2\/?page_id=28#breadcrumb"},"inLanguage":"fr-FR","potentialAction":[{"@type":"ReadAction","target":["https:\/\/www.siteclient.fr\/book2\/?page_id=28"]}]},{"@type":"ImageObject","inLanguage":"fr-FR","@id":"https:\/\/www.siteclient.fr\/book2\/?page_id=28#primaryimage","url":"http:\/\/www.siteclient.fr\/book2\/wp-content\/uploads\/2023\/04\/badel-biere-fb-300x105.jpg","contentUrl":"http:\/\/www.siteclient.fr\/book2\/wp-content\/uploads\/2023\/04\/badel-biere-fb-300x105.jpg"},{"@type":"BreadcrumbList","@id":"https:\/\/www.siteclient.fr\/book2\/?page_id=28#breadcrumb","itemListElement":[{"@type":"ListItem","position":1,"name":"Accueil","item":"http:\/\/www.siteclient.fr\/book2\/"},{"@type":"ListItem","position":2,"name":"Contactez-nous"}]},{"@type":"WebSite","@id":"http:\/\/www.siteclient.fr\/book2\/#website","url":"http:\/\/www.siteclient.fr\/book2\/","name":"siteclient.fr\/ctoc","description":"","publisher":{"@id":"http:\/\/www.siteclient.fr\/book2\/#organization"},"alternateName":"cest-ici","potentialAction":[{"@type":"SearchAction","target":{"@type":"EntryPoint","urlTemplate":"http:\/\/www.siteclient.fr\/book2\/?s={search_term_string}"},"query-input":"required name=search_term_string"}],"inLanguage":"fr-FR"},{"@type":"Organization","@id":"http:\/\/www.siteclient.fr\/book2\/#organization","name":"WONDEX","url":"http:\/\/www.siteclient.fr\/book2\/","logo":{"@type":"ImageObject","inLanguage":"fr-FR","@id":"http:\/\/www.siteclient.fr\/book2\/#\/schema\/logo\/image\/","url":"https:\/\/www.siteclient.fr\/book2\/wp-content\/uploads\/2024\/03\/cropped-LOGO-CEST-ICI.png","contentUrl":"https:\/\/www.siteclient.fr\/book2\/wp-content\/uploads\/2024\/03\/cropped-LOGO-CEST-ICI.png","width":276,"height":80,"caption":"WONDEX"},"image":{"@id":"http:\/\/www.siteclient.fr\/book2\/#\/schema\/logo\/image\/"}}]}},"_links":{"self":[{"href":"https:\/\/www.siteclient.fr\/book2\/index.php?rest_route=\/wp\/v2\/pages\/28","targetHints":{"allow":["GET"]}}],"collection":[{"href":"https:\/\/www.siteclient.fr\/book2\/index.php?rest_route=\/wp\/v2\/pages"}],"about":[{"href":"https:\/\/www.siteclient.fr\/book2\/index.php?rest_route=\/wp\/v2\/types\/page"}],"author":[{"embeddable":true,"href":"https:\/\/www.siteclient.fr\/book2\/index.php?rest_route=\/wp\/v2\/users\/4"}],"replies":[{"embeddable":true,"href":"https:\/\/www.siteclient.fr\/book2\/index.php?rest_route=%2Fwp%2Fv2%2Fcomments&post=28"}],"version-history":[{"count":265,"href":"https:\/\/www.siteclient.fr\/book2\/index.php?rest_route=\/wp\/v2\/pages\/28\/revisions"}],"predecessor-version":[{"id":2546,"href":"https:\/\/www.siteclient.fr\/book2\/index.php?rest_route=\/wp\/v2\/pages\/28\/revisions\/2546"}],"wp:attachment":[{"href":"https:\/\/www.siteclient.fr\/book2\/index.php?rest_route=%2Fwp%2Fv2%2Fmedia&parent=28"}],"curies":[{"name":"wp","href":"https:\/\/api.w.org\/{rel}","templated":true}]}}