{"id":1190,"date":"2023-03-06T04:04:14","date_gmt":"2023-03-06T03:04:14","guid":{"rendered":"https:\/\/www.siteclient.fr\/book2\/?page_id=1190"},"modified":"2023-04-28T00:01:52","modified_gmt":"2023-04-27T22:01:52","slug":"mentions-legales","status":"publish","type":"page","link":"https:\/\/www.siteclient.fr\/book2\/?page_id=1190","title":{"rendered":"Mentions l\u00e9gales"},"content":{"rendered":"\t\t<div data-elementor-type=\"wp-page\" data-elementor-id=\"1190\" class=\"elementor elementor-1190\">\n\t\t\t\t\t\t<section class=\"elementor-section elementor-top-section elementor-element elementor-element-2e6be64 elementor-section-boxed elementor-section-height-default elementor-section-height-default\" data-id=\"2e6be64\" data-element_type=\"section\">\n\t\t\t\t\t\t<div class=\"elementor-container elementor-column-gap-default\">\n\t\t\t\t\t<div class=\"elementor-column elementor-col-100 elementor-top-column elementor-element elementor-element-0377f20\" data-id=\"0377f20\" data-element_type=\"column\">\n\t\t\t<div class=\"elementor-widget-wrap elementor-element-populated\">\n\t\t\t\t\t\t<div class=\"elementor-element elementor-element-9c58738 elementor-widget elementor-widget-text-editor\" data-id=\"9c58738\" data-element_type=\"widget\" data-widget_type=\"text-editor.default\">\n\t\t\t\t<div class=\"elementor-widget-container\">\n\t\t\t<style>\/*! elementor - v3.20.0 - 11-03-2024 *\/\n.elementor-widget-text-editor.elementor-drop-cap-view-stacked .elementor-drop-cap{background-color:#69727d;color:#fff}.elementor-widget-text-editor.elementor-drop-cap-view-framed .elementor-drop-cap{color:#69727d;border:3px solid;background-color:transparent}.elementor-widget-text-editor:not(.elementor-drop-cap-view-default) .elementor-drop-cap{margin-top:8px}.elementor-widget-text-editor:not(.elementor-drop-cap-view-default) .elementor-drop-cap-letter{width:1em;height:1em}.elementor-widget-text-editor .elementor-drop-cap{float:left;text-align:center;line-height:1;font-size:50px}.elementor-widget-text-editor .elementor-drop-cap-letter{display:inline-block}<\/style>\t\t\t\t\t\t\t\t\t\t<\/div>\n\t\t\t\t<\/div>\n\t\t\t\t\t<\/div>\n\t\t<\/div>\n\t\t\t\t\t<\/div>\n\t\t<\/section>\n\t\t\t\t<section class=\"elementor-section elementor-top-section elementor-element elementor-element-905c5dd elementor-section-boxed elementor-section-height-default elementor-section-height-default\" data-id=\"905c5dd\" data-element_type=\"section\">\n\t\t\t\t\t\t<div class=\"elementor-container elementor-column-gap-default\">\n\t\t\t\t\t<div class=\"elementor-column elementor-col-100 elementor-top-column elementor-element elementor-element-173ca78\" data-id=\"173ca78\" data-element_type=\"column\">\n\t\t\t<div class=\"elementor-widget-wrap elementor-element-populated\">\n\t\t\t\t\t\t<div class=\"elementor-element elementor-element-dc5ec7a elementor-button-info elementor-align-center elementor-widget elementor-widget-button\" data-id=\"dc5ec7a\" data-element_type=\"widget\" data-widget_type=\"button.default\">\n\t\t\t\t<div class=\"elementor-widget-container\">\n\t\t\t\t\t<div class=\"elementor-button-wrapper\">\n\t\t\t<a class=\"elementor-button elementor-button-link elementor-size-sm\" href=\"http:\/\/www.siteclient.fr\/book2\/wp-content\/uploads\/2023\/03\/CONDITIONS-GENERALE-DE-VENTE.pdf\" target=\"_blank\">\n\t\t\t\t\t\t<span class=\"elementor-button-content-wrapper\">\n\t\t\t\t\t\t<span class=\"elementor-button-icon elementor-align-icon-left\">\n\t\t\t\t<i aria-hidden=\"true\" class=\"fas fa-file-download\"><\/i>\t\t\t<\/span>\n\t\t\t\t\t\t<span class=\"elementor-button-text\">T\u00e9l\u00e9chargez ici nos conditions g\u00e9n\u00e9rales de vente<\/span>\n\t\t<\/span>\n\t\t\t\t\t<\/a>\n\t\t<\/div>\n\t\t\t\t<\/div>\n\t\t\t\t<\/div>\n\t\t\t\t\t<\/div>\n\t\t<\/div>\n\t\t\t\t\t<\/div>\n\t\t<\/section>\n\t\t\t\t<\/div>\n\t\t","protected":false},"excerpt":{"rendered":"<p>T\u00e9l\u00e9chargez ici nos conditions g\u00e9n\u00e9rales de vente<\/p>\n","protected":false},"author":4,"featured_media":0,"parent":0,"menu_order":0,"comment_status":"closed","ping_status":"closed","template":"","meta":{"footnotes":""},"class_list":["post-1190","page","type-page","status-publish","hentry"],"yoast_head":"<!-- This site is optimized with the Yoast SEO plugin v22.2 - https:\/\/yoast.com\/wordpress\/plugins\/seo\/ -->\n<title>Mentions l\u00e9gales - celia<\/title>\n<meta name=\"robots\" content=\"index, follow, max-snippet:-1, max-image-preview:large, max-video-preview:-1\" \/>\n<link rel=\"canonical\" href=\"https:\/\/www.siteclient.fr\/book2\/?page_id=1190\" \/>\n<meta property=\"og:locale\" content=\"fr_FR\" \/>\n<meta property=\"og:type\" content=\"article\" \/>\n<meta property=\"og:title\" content=\"Mentions l\u00e9gales - celia\" \/>\n<meta property=\"og:description\" content=\"T\u00e9l\u00e9chargez ici nos conditions g\u00e9n\u00e9rales de vente\" \/>\n<meta property=\"og:url\" content=\"https:\/\/www.siteclient.fr\/book2\/?page_id=1190\" \/>\n<meta property=\"og:site_name\" content=\"celia\" \/>\n<meta property=\"article:modified_time\" content=\"2023-04-27T22:01:52+00:00\" \/>\n<meta name=\"twitter:card\" content=\"summary_large_image\" \/>\n<meta name=\"twitter:label1\" content=\"Dur\u00e9e de lecture estim\u00e9e\" \/>\n\t<meta name=\"twitter:data1\" content=\"1 minute\" \/>\n<script type=\"application\/ld+json\" class=\"yoast-schema-graph\">{\"@context\":\"https:\/\/schema.org\",\"@graph\":[{\"@type\":\"WebPage\",\"@id\":\"https:\/\/www.siteclient.fr\/book2\/?page_id=1190\",\"url\":\"https:\/\/www.siteclient.fr\/book2\/?page_id=1190\",\"name\":\"Mentions l\u00e9gales - celia\",\"isPartOf\":{\"@id\":\"http:\/\/www.siteclient.fr\/book2\/#website\"},\"datePublished\":\"2023-03-06T03:04:14+00:00\",\"dateModified\":\"2023-04-27T22:01:52+00:00\",\"breadcrumb\":{\"@id\":\"https:\/\/www.siteclient.fr\/book2\/?page_id=1190#breadcrumb\"},\"inLanguage\":\"fr-FR\",\"potentialAction\":[{\"@type\":\"ReadAction\",\"target\":[\"https:\/\/www.siteclient.fr\/book2\/?page_id=1190\"]}]},{\"@type\":\"BreadcrumbList\",\"@id\":\"https:\/\/www.siteclient.fr\/book2\/?page_id=1190#breadcrumb\",\"itemListElement\":[{\"@type\":\"ListItem\",\"position\":1,\"name\":\"Accueil\",\"item\":\"http:\/\/www.siteclient.fr\/book2\/\"},{\"@type\":\"ListItem\",\"position\":2,\"name\":\"Mentions l\u00e9gales\"}]},{\"@type\":\"WebSite\",\"@id\":\"http:\/\/www.siteclient.fr\/book2\/#website\",\"url\":\"http:\/\/www.siteclient.fr\/book2\/\",\"name\":\"siteclient.fr\/ctoc\",\"description\":\"\",\"publisher\":{\"@id\":\"http:\/\/www.siteclient.fr\/book2\/#organization\"},\"alternateName\":\"cest-ici\",\"potentialAction\":[{\"@type\":\"SearchAction\",\"target\":{\"@type\":\"EntryPoint\",\"urlTemplate\":\"http:\/\/www.siteclient.fr\/book2\/?s={search_term_string}\"},\"query-input\":\"required name=search_term_string\"}],\"inLanguage\":\"fr-FR\"},{\"@type\":\"Organization\",\"@id\":\"http:\/\/www.siteclient.fr\/book2\/#organization\",\"name\":\"WONDEX\",\"url\":\"http:\/\/www.siteclient.fr\/book2\/\",\"logo\":{\"@type\":\"ImageObject\",\"inLanguage\":\"fr-FR\",\"@id\":\"http:\/\/www.siteclient.fr\/book2\/#\/schema\/logo\/image\/\",\"url\":\"https:\/\/www.siteclient.fr\/book2\/wp-content\/uploads\/2024\/03\/cropped-LOGO-CEST-ICI.png\",\"contentUrl\":\"https:\/\/www.siteclient.fr\/book2\/wp-content\/uploads\/2024\/03\/cropped-LOGO-CEST-ICI.png\",\"width\":276,\"height\":80,\"caption\":\"WONDEX\"},\"image\":{\"@id\":\"http:\/\/www.siteclient.fr\/book2\/#\/schema\/logo\/image\/\"}}]}<\/script>\n<!-- \/ Yoast SEO plugin. -->","yoast_head_json":{"title":"Mentions l\u00e9gales - celia","robots":{"index":"index","follow":"follow","max-snippet":"max-snippet:-1","max-image-preview":"max-image-preview:large","max-video-preview":"max-video-preview:-1"},"canonical":"https:\/\/www.siteclient.fr\/book2\/?page_id=1190","og_locale":"fr_FR","og_type":"article","og_title":"Mentions l\u00e9gales - celia","og_description":"T\u00e9l\u00e9chargez ici nos conditions g\u00e9n\u00e9rales de vente","og_url":"https:\/\/www.siteclient.fr\/book2\/?page_id=1190","og_site_name":"celia","article_modified_time":"2023-04-27T22:01:52+00:00","twitter_card":"summary_large_image","twitter_misc":{"Dur\u00e9e de lecture estim\u00e9e":"1 minute"},"schema":{"@context":"https:\/\/schema.org","@graph":[{"@type":"WebPage","@id":"https:\/\/www.siteclient.fr\/book2\/?page_id=1190","url":"https:\/\/www.siteclient.fr\/book2\/?page_id=1190","name":"Mentions l\u00e9gales - celia","isPartOf":{"@id":"http:\/\/www.siteclient.fr\/book2\/#website"},"datePublished":"2023-03-06T03:04:14+00:00","dateModified":"2023-04-27T22:01:52+00:00","breadcrumb":{"@id":"https:\/\/www.siteclient.fr\/book2\/?page_id=1190#breadcrumb"},"inLanguage":"fr-FR","potentialAction":[{"@type":"ReadAction","target":["https:\/\/www.siteclient.fr\/book2\/?page_id=1190"]}]},{"@type":"BreadcrumbList","@id":"https:\/\/www.siteclient.fr\/book2\/?page_id=1190#breadcrumb","itemListElement":[{"@type":"ListItem","position":1,"name":"Accueil","item":"http:\/\/www.siteclient.fr\/book2\/"},{"@type":"ListItem","position":2,"name":"Mentions l\u00e9gales"}]},{"@type":"WebSite","@id":"http:\/\/www.siteclient.fr\/book2\/#website","url":"http:\/\/www.siteclient.fr\/book2\/","name":"siteclient.fr\/ctoc","description":"","publisher":{"@id":"http:\/\/www.siteclient.fr\/book2\/#organization"},"alternateName":"cest-ici","potentialAction":[{"@type":"SearchAction","target":{"@type":"EntryPoint","urlTemplate":"http:\/\/www.siteclient.fr\/book2\/?s={search_term_string}"},"query-input":"required name=search_term_string"}],"inLanguage":"fr-FR"},{"@type":"Organization","@id":"http:\/\/www.siteclient.fr\/book2\/#organization","name":"WONDEX","url":"http:\/\/www.siteclient.fr\/book2\/","logo":{"@type":"ImageObject","inLanguage":"fr-FR","@id":"http:\/\/www.siteclient.fr\/book2\/#\/schema\/logo\/image\/","url":"https:\/\/www.siteclient.fr\/book2\/wp-content\/uploads\/2024\/03\/cropped-LOGO-CEST-ICI.png","contentUrl":"https:\/\/www.siteclient.fr\/book2\/wp-content\/uploads\/2024\/03\/cropped-LOGO-CEST-ICI.png","width":276,"height":80,"caption":"WONDEX"},"image":{"@id":"http:\/\/www.siteclient.fr\/book2\/#\/schema\/logo\/image\/"}}]}},"_links":{"self":[{"href":"https:\/\/www.siteclient.fr\/book2\/index.php?rest_route=\/wp\/v2\/pages\/1190","targetHints":{"allow":["GET"]}}],"collection":[{"href":"https:\/\/www.siteclient.fr\/book2\/index.php?rest_route=\/wp\/v2\/pages"}],"about":[{"href":"https:\/\/www.siteclient.fr\/book2\/index.php?rest_route=\/wp\/v2\/types\/page"}],"author":[{"embeddable":true,"href":"https:\/\/www.siteclient.fr\/book2\/index.php?rest_route=\/wp\/v2\/users\/4"}],"replies":[{"embeddable":true,"href":"https:\/\/www.siteclient.fr\/book2\/index.php?rest_route=%2Fwp%2Fv2%2Fcomments&post=1190"}],"version-history":[{"count":61,"href":"https:\/\/www.siteclient.fr\/book2\/index.php?rest_route=\/wp\/v2\/pages\/1190\/revisions"}],"predecessor-version":[{"id":2533,"href":"https:\/\/www.siteclient.fr\/book2\/index.php?rest_route=\/wp\/v2\/pages\/1190\/revisions\/2533"}],"wp:attachment":[{"href":"https:\/\/www.siteclient.fr\/book2\/index.php?rest_route=%2Fwp%2Fv2%2Fmedia&parent=1190"}],"curies":[{"name":"wp","href":"https:\/\/api.w.org\/{rel}","templated":true}]}}